{"id":13,"date":"2023-10-04T12:23:07","date_gmt":"2023-10-04T12:23:07","guid":{"rendered":"https:\/\/hoteldes12apotres.com\/?page_id=13"},"modified":"2025-07-01T08:31:33","modified_gmt":"2025-07-01T06:31:33","slug":"contactez-nous","status":"publish","type":"page","link":"https:\/\/hoteldes12apotres.com\/index.php\/contactez-nous\/","title":{"rendered":"Contactez nous"},"content":{"rendered":"\t\t<div data-elementor-type=\"wp-page\" data-elementor-id=\"13\" class=\"elementor elementor-13\" data-elementor-settings=\"{&quot;element_pack_global_tooltip_width&quot;:{&quot;unit&quot;:&quot;px&quot;,&quot;size&quot;:&quot;&quot;,&quot;sizes&quot;:[]},&quot;element_pack_global_tooltip_width_tablet&quot;:{&quot;unit&quot;:&quot;px&quot;,&quot;size&quot;:&quot;&quot;,&quot;sizes&quot;:[]},&quot;element_pack_global_tooltip_width_mobile&quot;:{&quot;unit&quot;:&quot;px&quot;,&quot;size&quot;:&quot;&quot;,&quot;sizes&quot;:[]},&quot;element_pack_global_tooltip_padding&quot;:{&quot;unit&quot;:&quot;px&quot;,&quot;top&quot;:&quot;&quot;,&quot;right&quot;:&quot;&quot;,&quot;bottom&quot;:&quot;&quot;,&quot;left&quot;:&quot;&quot;,&quot;isLinked&quot;:true},&quot;element_pack_global_tooltip_padding_tablet&quot;:{&quot;unit&quot;:&quot;px&quot;,&quot;top&quot;:&quot;&quot;,&quot;right&quot;:&quot;&quot;,&quot;bottom&quot;:&quot;&quot;,&quot;left&quot;:&quot;&quot;,&quot;isLinked&quot;:true},&quot;element_pack_global_tooltip_padding_mobile&quot;:{&quot;unit&quot;:&quot;px&quot;,&quot;top&quot;:&quot;&quot;,&quot;right&quot;:&quot;&quot;,&quot;bottom&quot;:&quot;&quot;,&quot;left&quot;:&quot;&quot;,&quot;isLinked&quot;:true},&quot;element_pack_global_tooltip_border_radius&quot;:{&quot;unit&quot;:&quot;px&quot;,&quot;top&quot;:&quot;&quot;,&quot;right&quot;:&quot;&quot;,&quot;bottom&quot;:&quot;&quot;,&quot;left&quot;:&quot;&quot;,&quot;isLinked&quot;:true},&quot;element_pack_global_tooltip_border_radius_tablet&quot;:{&quot;unit&quot;:&quot;px&quot;,&quot;top&quot;:&quot;&quot;,&quot;right&quot;:&quot;&quot;,&quot;bottom&quot;:&quot;&quot;,&quot;left&quot;:&quot;&quot;,&quot;isLinked&quot;:true},&quot;element_pack_global_tooltip_border_radius_mobile&quot;:{&quot;unit&quot;:&quot;px&quot;,&quot;top&quot;:&quot;&quot;,&quot;right&quot;:&quot;&quot;,&quot;bottom&quot;:&quot;&quot;,&quot;left&quot;:&quot;&quot;,&quot;isLinked&quot;:true}}\" data-elementor-post-type=\"page\">\n\t\t\t\t<div class=\"elementor-element elementor-element-6f866a9 e-con-full e-flex e-con e-parent\" data-id=\"6f866a9\" data-element_type=\"container\" data-settings=\"{&quot;background_background&quot;:&quot;classic&quot;}\">\n\t\t<div class=\"elementor-element elementor-element-2fa50c2 e-con-full e-flex e-con e-child\" data-id=\"2fa50c2\" data-element_type=\"container\">\n\t\t\t\t<div class=\"elementor-element elementor-element-d019d6c elementor-widget elementor-widget-heading\" data-id=\"d019d6c\" data-element_type=\"widget\" data-widget_type=\"heading.default\">\n\t\t\t\t<div class=\"elementor-widget-container\">\n\t\t\t\t\t<h1 class=\"elementor-heading-title elementor-size-default\">\n<span class=\"hotel6-heading-decorative\">R\u00e9servez ou contactez-nous<\/span><\/h1>\t\t\t\t<\/div>\n\t\t\t\t<\/div>\n\t\t\t\t<div class=\"elementor-element elementor-element-a832436 elementor-widget elementor-widget-heading\" data-id=\"a832436\" data-element_type=\"widget\" data-widget_type=\"heading.default\">\n\t\t\t\t<div class=\"elementor-widget-container\">\n\t\t\t\t\t<h6 class=\"elementor-heading-title elementor-size-default\">Besoin d'informations ou envie de r\u00e9server ? Notre \u00e9quipe est \u00e0 votre \u00e9coute pour vous aider \u00e0 pr\u00e9parer votre s\u00e9jour.<\/h6>\t\t\t\t<\/div>\n\t\t\t\t<\/div>\n\t\t\t\t<\/div>\n\t\t<div class=\"elementor-element elementor-element-f544545 e-con-full e-flex e-con e-child\" data-id=\"f544545\" data-element_type=\"container\">\n\t\t\t\t<div class=\"elementor-element elementor-element-9a54893 elementor-view-stacked elementor-shape-circle elementor-widget elementor-widget-icon\" data-id=\"9a54893\" data-element_type=\"widget\" data-widget_type=\"icon.default\">\n\t\t\t\t<div class=\"elementor-widget-container\">\n\t\t\t\t\t\t\t<div class=\"elementor-icon-wrapper\">\n\t\t\t<a class=\"elementor-icon\" href=\"#ourteam\">\n\t\t\t<svg aria-hidden=\"true\" class=\"e-font-icon-svg e-fas-arrow-down\" viewBox=\"0 0 448 512\" xmlns=\"http:\/\/www.w3.org\/2000\/svg\"><path d=\"M413.1 222.5l22.2 22.2c9.4 9.4 9.4 24.6 0 33.9L241 473c-9.4 9.4-24.6 9.4-33.9 0L12.7 278.6c-9.4-9.4-9.4-24.6 0-33.9l22.2-22.2c9.5-9.5 25-9.3 34.3.4L184 343.4V56c0-13.3 10.7-24 24-24h32c13.3 0 24 10.7 24 24v287.4l114.8-120.5c9.3-9.8 24.8-10 34.3-.4z\"><\/path><\/svg>\t\t\t<\/a>\n\t\t<\/div>\n\t\t\t\t\t\t<\/div>\n\t\t\t\t<\/div>\n\t\t\t\t<\/div>\n\t\t\t\t<\/div>\n\t\t<div class=\"elementor-element elementor-element-a5df178 e-flex e-con-boxed e-con e-parent\" data-id=\"a5df178\" data-element_type=\"container\">\n\t\t\t\t\t<div class=\"e-con-inner\">\n\t\t\t\t<div class=\"elementor-element elementor-element-89583e4 elementor-widget elementor-widget-heading\" data-id=\"89583e4\" data-element_type=\"widget\" data-widget_type=\"heading.default\">\n\t\t\t\t<div class=\"elementor-widget-container\">\n\t\t\t\t\t<h2 class=\"elementor-heading-title elementor-size-default\">\n<span class=\"hotel6-heading-decorative\">Formulaire de contact<\/span><\/h2>\t\t\t\t<\/div>\n\t\t\t\t<\/div>\n\t\t\t\t<div class=\"elementor-element elementor-element-3a71b2f elementor-widget elementor-widget-shortcode\" data-id=\"3a71b2f\" data-element_type=\"widget\" data-widget_type=\"shortcode.default\">\n\t\t\t\t<div class=\"elementor-widget-container\">\n\t\t\t\t\t\t\t<div class=\"elementor-shortcode\">\n<div class=\"wpcf7 no-js\" id=\"wpcf7-f88-o1\" lang=\"en-US\" dir=\"ltr\" data-wpcf7-id=\"88\">\n<div class=\"screen-reader-response\"><p role=\"status\" aria-live=\"polite\" aria-atomic=\"true\"><\/p> <ul><\/ul><\/div>\n<form action=\"\/index.php\/wp-json\/wp\/v2\/pages\/13#wpcf7-f88-o1\" method=\"post\" class=\"wpcf7-form init\" aria-label=\"Contact form\" novalidate=\"novalidate\" data-status=\"init\">\n<fieldset class=\"hidden-fields-container\"><input type=\"hidden\" name=\"_wpcf7\" value=\"88\" \/><input type=\"hidden\" name=\"_wpcf7_version\" value=\"6.1.5\" \/><input type=\"hidden\" name=\"_wpcf7_locale\" value=\"en_US\" \/><input type=\"hidden\" name=\"_wpcf7_unit_tag\" value=\"wpcf7-f88-o1\" \/><input type=\"hidden\" name=\"_wpcf7_container_post\" value=\"0\" \/><input type=\"hidden\" name=\"_wpcf7_posted_data_hash\" value=\"\" \/>\n<\/fieldset>\n<div class=\"wpcf7-turnstile cf-turnstile\" data-sitekey=\"0x4AAAAAABjB1YeaOi8V0zLg\" data-response-field-name=\"_wpcf7_turnstile_response\"><\/div>\n\n<div class=\"column one-second\">\n\t<p><span class=\"wpcf7-form-control-wrap\" data-name=\"your-name\"><input size=\"40\" maxlength=\"400\" class=\"wpcf7-form-control wpcf7-text wpcf7-validates-as-required\" id=\"4f9cfa2-your-name\" aria-required=\"true\" aria-invalid=\"false\" placeholder=\"Nom*\" value=\"\" type=\"text\" name=\"your-name\" \/><\/span>\n\t<\/p>\n<\/div>\n<div class=\"column one-second\">\n\t<p><span class=\"wpcf7-form-control-wrap\" data-name=\"your-phone\"><input size=\"40\" maxlength=\"400\" class=\"wpcf7-form-control wpcf7-tel wpcf7-validates-as-required wpcf7-text wpcf7-validates-as-tel\" id=\"4f9cfa2-your-phone\" aria-required=\"true\" aria-invalid=\"false\" placeholder=\"Pr\u00e9nom*\" value=\"\" type=\"tel\" name=\"your-phone\" \/><\/span>\n\t<\/p>\n<\/div>\n<div class=\"column one-second\">\n\t<p><span class=\"wpcf7-form-control-wrap\" data-name=\"your-email\"><input size=\"40\" maxlength=\"400\" class=\"wpcf7-form-control wpcf7-email wpcf7-validates-as-required wpcf7-text wpcf7-validates-as-email\" id=\"4f9cfa2-your-email\" aria-required=\"true\" aria-invalid=\"false\" placeholder=\"E-mail*\" value=\"\" type=\"email\" name=\"your-email\" \/><\/span>\n\t<\/p>\n<\/div>\n<div class=\"column one-second\">\n\t<p><span class=\"wpcf7-form-control-wrap\" data-name=\"your-phone\"><input size=\"40\" maxlength=\"400\" class=\"wpcf7-form-control wpcf7-tel wpcf7-validates-as-required wpcf7-text wpcf7-validates-as-tel\" aria-required=\"true\" aria-invalid=\"false\" placeholder=\"T\u00e9l\u00e9phone\" value=\"\" type=\"tel\" name=\"your-phone\" \/><\/span>\n\t<\/p>\n<\/div>\n<div class=\"column one\">\n\t<p><span class=\"wpcf7-form-control-wrap\" data-name=\"your-message\"><textarea cols=\"40\" rows=\"6\" maxlength=\"2000\" class=\"wpcf7-form-control wpcf7-textarea\" id=\"4f9cfa2-your-message\" aria-invalid=\"false\" placeholder=\"Votre message....\" name=\"your-message\"><\/textarea><\/span>\n\t<\/p>\n<\/div>\n<div class=\"column one\" style=\"text-align:right;\">\n\t<p><input class=\"wpcf7-form-control wpcf7-submit has-spinner\" type=\"submit\" value=\"ENVOYER LE MESSAGE\" \/>\n\t<\/p>\n<\/div><p style=\"display: none !important;\" class=\"akismet-fields-container\" data-prefix=\"_wpcf7_ak_\"><label>&#916;<textarea name=\"_wpcf7_ak_hp_textarea\" cols=\"45\" rows=\"8\" maxlength=\"100\"><\/textarea><\/label><input type=\"hidden\" id=\"ak_js_1\" name=\"_wpcf7_ak_js\" value=\"208\"\/><script>document.getElementById( \"ak_js_1\" ).setAttribute( \"value\", ( new Date() ).getTime() );<\/script><\/p><div class=\"wpcf7-response-output\" aria-hidden=\"true\"><\/div>\n<\/form>\n<\/div>\n<\/div>\n\t\t\t\t\t\t<\/div>\n\t\t\t\t<\/div>\n\t\t\t\t\t<\/div>\n\t\t\t\t<\/div>\n\t\t<div class=\"elementor-element elementor-element-2348232 e-flex e-con-boxed e-con e-parent\" data-id=\"2348232\" data-element_type=\"container\">\n\t\t\t\t\t<div class=\"e-con-inner\">\n\t\t<div class=\"elementor-element elementor-element-cb88c4c e-con-full e-flex e-con e-child\" data-id=\"cb88c4c\" data-element_type=\"container\">\n\t\t\t\t<div class=\"elementor-element elementor-element-a8d0495 elementor-widget elementor-widget-google_maps\" data-id=\"a8d0495\" data-element_type=\"widget\" data-widget_type=\"google_maps.default\">\n\t\t\t\t<div class=\"elementor-widget-container\">\n\t\t\t\t\t\t\t<div class=\"elementor-custom-embed\">\n\t\t\t<iframe loading=\"lazy\"\n\t\t\t\t\tsrc=\"https:\/\/maps.google.com\/maps?q=25%20rue%20gaston%20thomson&#038;t=m&#038;z=14&#038;output=embed&#038;iwloc=near\"\n\t\t\t\t\ttitle=\"25 rue gaston thomson\"\n\t\t\t\t\taria-label=\"25 rue gaston thomson\"\n\t\t\t><\/iframe>\n\t\t<\/div>\n\t\t\t\t\t\t<\/div>\n\t\t\t\t<\/div>\n\t\t\t\t<\/div>\n\t\t<div class=\"elementor-element elementor-element-12add70 e-con-full e-flex e-con e-child\" data-id=\"12add70\" data-element_type=\"container\">\n\t\t\t\t<div class=\"elementor-element elementor-element-b14edf9 elementor-widget elementor-widget-heading\" data-id=\"b14edf9\" data-element_type=\"widget\" data-widget_type=\"heading.default\">\n\t\t\t\t<div class=\"elementor-widget-container\">\n\t\t\t\t\t<h5 class=\"elementor-heading-title elementor-size-default\">Nos coordonn\u00e9es :<\/h5>\t\t\t\t<\/div>\n\t\t\t\t<\/div>\n\t\t\t\t<div class=\"elementor-element elementor-element-3f08394 elementor-widget elementor-widget-text-editor\" data-id=\"3f08394\" data-element_type=\"widget\" data-widget_type=\"text-editor.default\">\n\t\t\t\t<div class=\"elementor-widget-container\">\n\t\t\t\t\t\t\t\t\t<p data-start=\"202\" data-end=\"438\">Pour toute demande d&rsquo;information, r\u00e9servation ou question, n&rsquo;h\u00e9sitez pas \u00e0 nous contacter.<\/p>\n<p data-start=\"202\" data-end=\"438\"><br data-start=\"292\" data-end=\"295\" \/>\ud83d\udcde <strong data-start=\"298\" data-end=\"311\">T\u00e9l\u00e9phone<\/strong> : 03 29 08 04 12<br data-start=\"328\" data-end=\"331\" \/>\ud83d\udce7 <strong data-start=\"334\" data-end=\"343\">Email<\/strong> : contact@hotel12ap\u00f4tres.fr<br data-start=\"371\" data-end=\"374\" \/>\ud83d\udccd <strong data-start=\"377\" data-end=\"388\">Adresse<\/strong> : 25 rue Gaston Thomson, 88140 Contrex\u00e9ville, France<\/p>\n<p data-start=\"440\" data-end=\"520\">Nous sommes disponibles pour vous r\u00e9pondre avant, pendant ou apr\u00e8s votre s\u00e9jour.<\/p>\t\t\t\t\t\t\t\t<\/div>\n\t\t\t\t<\/div>\n\t\t\t\t<\/div>\n\t\t\t\t\t<\/div>\n\t\t\t\t<\/div>\n\t\t\t\t<\/div>\n\t\t","protected":false},"excerpt":{"rendered":"<p>R\u00e9servez ou contactez-nous Besoin d&rsquo;informations ou envie de r\u00e9server ? Notre \u00e9quipe est \u00e0 votre \u00e9coute pour vous aider \u00e0 pr\u00e9parer votre s\u00e9jour. Formulaire de contact<span class=\"excerpt-hellip\"> [\u2026]<\/span><\/p>\n","protected":false},"author":1,"featured_media":0,"parent":0,"menu_order":0,"comment_status":"open","ping_status":"closed","template":"","meta":{"footnotes":""},"class_list":["post-13","page","type-page","status-publish","hentry"],"yoast_head":"<!-- This site is optimized with the Yoast SEO plugin v27.2 - https:\/\/yoast.com\/product\/yoast-seo-wordpress\/ -->\n<title>Contactez-nous | H\u00f4tel des XII Ap\u00f4tres Contrex\u00e9ville<\/title>\n<meta name=\"description\" content=\"Besoin d\u2019informations ou envie de r\u00e9server ? Contactez l\u2019H\u00f4tel des XII Ap\u00f4tres \u00e0 Contrex\u00e9ville par t\u00e9l\u00e9phone, email ou via notre formulaire en ligne.\" \/>\n<meta name=\"robots\" content=\"index, follow, max-snippet:-1, max-image-preview:large, max-video-preview:-1\" \/>\n<link rel=\"canonical\" href=\"https:\/\/hoteldes12apotres.com\/index.php\/contactez-nous\/\" \/>\n<meta property=\"og:locale\" content=\"fr_FR\" \/>\n<meta property=\"og:type\" content=\"article\" \/>\n<meta property=\"og:title\" content=\"Contactez-nous | H\u00f4tel des XII Ap\u00f4tres Contrex\u00e9ville\" \/>\n<meta property=\"og:description\" content=\"Besoin d\u2019informations ou envie de r\u00e9server ? Contactez l\u2019H\u00f4tel des XII Ap\u00f4tres \u00e0 Contrex\u00e9ville par t\u00e9l\u00e9phone, email ou via notre formulaire en ligne.\" \/>\n<meta property=\"og:url\" content=\"https:\/\/hoteldes12apotres.com\/index.php\/contactez-nous\/\" \/>\n<meta property=\"og:site_name\" content=\"H\u00f4tel des XII Ap\u00f4tres\" \/>\n<meta property=\"article:modified_time\" content=\"2025-07-01T06:31:33+00:00\" \/>\n<meta name=\"twitter:card\" content=\"summary_large_image\" \/>\n<meta name=\"twitter:label1\" content=\"Dur\u00e9e de lecture estim\u00e9e\" \/>\n\t<meta name=\"twitter:data1\" content=\"1 minute\" \/>\n<script type=\"application\/ld+json\" class=\"yoast-schema-graph\">{\"@context\":\"https:\/\/schema.org\",\"@graph\":[{\"@type\":\"WebPage\",\"@id\":\"https:\/\/hoteldes12apotres.com\/index.php\/contactez-nous\/\",\"url\":\"https:\/\/hoteldes12apotres.com\/index.php\/contactez-nous\/\",\"name\":\"Contactez-nous | H\u00f4tel des XII Ap\u00f4tres Contrex\u00e9ville\",\"isPartOf\":{\"@id\":\"https:\/\/hoteldes12apotres.com\/#website\"},\"datePublished\":\"2023-10-04T12:23:07+00:00\",\"dateModified\":\"2025-07-01T06:31:33+00:00\",\"description\":\"Besoin d\u2019informations ou envie de r\u00e9server ? Contactez l\u2019H\u00f4tel des XII Ap\u00f4tres \u00e0 Contrex\u00e9ville par t\u00e9l\u00e9phone, email ou via notre formulaire en ligne.\",\"breadcrumb\":{\"@id\":\"https:\/\/hoteldes12apotres.com\/index.php\/contactez-nous\/#breadcrumb\"},\"inLanguage\":\"fr-FR\",\"potentialAction\":[{\"@type\":\"ReadAction\",\"target\":[\"https:\/\/hoteldes12apotres.com\/index.php\/contactez-nous\/\"]}]},{\"@type\":\"BreadcrumbList\",\"@id\":\"https:\/\/hoteldes12apotres.com\/index.php\/contactez-nous\/#breadcrumb\",\"itemListElement\":[{\"@type\":\"ListItem\",\"position\":1,\"name\":\"Accueil\",\"item\":\"https:\/\/hoteldes12apotres.com\/\"},{\"@type\":\"ListItem\",\"position\":2,\"name\":\"Contactez nous\"}]},{\"@type\":\"WebSite\",\"@id\":\"https:\/\/hoteldes12apotres.com\/#website\",\"url\":\"https:\/\/hoteldes12apotres.com\/\",\"name\":\"H\u00f4tel des XII Ap\u00f4tres\",\"description\":\"\",\"publisher\":{\"@id\":\"https:\/\/hoteldes12apotres.com\/#organization\"},\"potentialAction\":[{\"@type\":\"SearchAction\",\"target\":{\"@type\":\"EntryPoint\",\"urlTemplate\":\"https:\/\/hoteldes12apotres.com\/?s={search_term_string}\"},\"query-input\":{\"@type\":\"PropertyValueSpecification\",\"valueRequired\":true,\"valueName\":\"search_term_string\"}}],\"inLanguage\":\"fr-FR\"},{\"@type\":\"Organization\",\"@id\":\"https:\/\/hoteldes12apotres.com\/#organization\",\"name\":\"H\u00f4tel des XII Ap\u00f4tres\",\"url\":\"https:\/\/hoteldes12apotres.com\/\",\"logo\":{\"@type\":\"ImageObject\",\"inLanguage\":\"fr-FR\",\"@id\":\"https:\/\/hoteldes12apotres.com\/#\/schema\/logo\/image\/\",\"url\":\"https:\/\/hoteldes12apotres.com\/wp-content\/uploads\/2025\/06\/cropped-logod.png\",\"contentUrl\":\"https:\/\/hoteldes12apotres.com\/wp-content\/uploads\/2025\/06\/cropped-logod.png\",\"width\":512,\"height\":512,\"caption\":\"H\u00f4tel des XII Ap\u00f4tres\"},\"image\":{\"@id\":\"https:\/\/hoteldes12apotres.com\/#\/schema\/logo\/image\/\"}}]}<\/script>\n<!-- \/ Yoast SEO plugin. -->","yoast_head_json":{"title":"Contactez-nous | H\u00f4tel des XII Ap\u00f4tres Contrex\u00e9ville","description":"Besoin d\u2019informations ou envie de r\u00e9server ? Contactez l\u2019H\u00f4tel des XII Ap\u00f4tres \u00e0 Contrex\u00e9ville par t\u00e9l\u00e9phone, email ou via notre formulaire en ligne.","robots":{"index":"index","follow":"follow","max-snippet":"max-snippet:-1","max-image-preview":"max-image-preview:large","max-video-preview":"max-video-preview:-1"},"canonical":"https:\/\/hoteldes12apotres.com\/index.php\/contactez-nous\/","og_locale":"fr_FR","og_type":"article","og_title":"Contactez-nous | H\u00f4tel des XII Ap\u00f4tres Contrex\u00e9ville","og_description":"Besoin d\u2019informations ou envie de r\u00e9server ? Contactez l\u2019H\u00f4tel des XII Ap\u00f4tres \u00e0 Contrex\u00e9ville par t\u00e9l\u00e9phone, email ou via notre formulaire en ligne.","og_url":"https:\/\/hoteldes12apotres.com\/index.php\/contactez-nous\/","og_site_name":"H\u00f4tel des XII Ap\u00f4tres","article_modified_time":"2025-07-01T06:31:33+00:00","twitter_card":"summary_large_image","twitter_misc":{"Dur\u00e9e de lecture estim\u00e9e":"1 minute"},"schema":{"@context":"https:\/\/schema.org","@graph":[{"@type":"WebPage","@id":"https:\/\/hoteldes12apotres.com\/index.php\/contactez-nous\/","url":"https:\/\/hoteldes12apotres.com\/index.php\/contactez-nous\/","name":"Contactez-nous | H\u00f4tel des XII Ap\u00f4tres Contrex\u00e9ville","isPartOf":{"@id":"https:\/\/hoteldes12apotres.com\/#website"},"datePublished":"2023-10-04T12:23:07+00:00","dateModified":"2025-07-01T06:31:33+00:00","description":"Besoin d\u2019informations ou envie de r\u00e9server ? Contactez l\u2019H\u00f4tel des XII Ap\u00f4tres \u00e0 Contrex\u00e9ville par t\u00e9l\u00e9phone, email ou via notre formulaire en ligne.","breadcrumb":{"@id":"https:\/\/hoteldes12apotres.com\/index.php\/contactez-nous\/#breadcrumb"},"inLanguage":"fr-FR","potentialAction":[{"@type":"ReadAction","target":["https:\/\/hoteldes12apotres.com\/index.php\/contactez-nous\/"]}]},{"@type":"BreadcrumbList","@id":"https:\/\/hoteldes12apotres.com\/index.php\/contactez-nous\/#breadcrumb","itemListElement":[{"@type":"ListItem","position":1,"name":"Accueil","item":"https:\/\/hoteldes12apotres.com\/"},{"@type":"ListItem","position":2,"name":"Contactez nous"}]},{"@type":"WebSite","@id":"https:\/\/hoteldes12apotres.com\/#website","url":"https:\/\/hoteldes12apotres.com\/","name":"H\u00f4tel des XII Ap\u00f4tres","description":"","publisher":{"@id":"https:\/\/hoteldes12apotres.com\/#organization"},"potentialAction":[{"@type":"SearchAction","target":{"@type":"EntryPoint","urlTemplate":"https:\/\/hoteldes12apotres.com\/?s={search_term_string}"},"query-input":{"@type":"PropertyValueSpecification","valueRequired":true,"valueName":"search_term_string"}}],"inLanguage":"fr-FR"},{"@type":"Organization","@id":"https:\/\/hoteldes12apotres.com\/#organization","name":"H\u00f4tel des XII Ap\u00f4tres","url":"https:\/\/hoteldes12apotres.com\/","logo":{"@type":"ImageObject","inLanguage":"fr-FR","@id":"https:\/\/hoteldes12apotres.com\/#\/schema\/logo\/image\/","url":"https:\/\/hoteldes12apotres.com\/wp-content\/uploads\/2025\/06\/cropped-logod.png","contentUrl":"https:\/\/hoteldes12apotres.com\/wp-content\/uploads\/2025\/06\/cropped-logod.png","width":512,"height":512,"caption":"H\u00f4tel des XII Ap\u00f4tres"},"image":{"@id":"https:\/\/hoteldes12apotres.com\/#\/schema\/logo\/image\/"}}]}},"jetpack_sharing_enabled":true,"_links":{"self":[{"href":"https:\/\/hoteldes12apotres.com\/index.php\/wp-json\/wp\/v2\/pages\/13","targetHints":{"allow":["GET"]}}],"collection":[{"href":"https:\/\/hoteldes12apotres.com\/index.php\/wp-json\/wp\/v2\/pages"}],"about":[{"href":"https:\/\/hoteldes12apotres.com\/index.php\/wp-json\/wp\/v2\/types\/page"}],"author":[{"embeddable":true,"href":"https:\/\/hoteldes12apotres.com\/index.php\/wp-json\/wp\/v2\/users\/1"}],"replies":[{"embeddable":true,"href":"https:\/\/hoteldes12apotres.com\/index.php\/wp-json\/wp\/v2\/comments?post=13"}],"version-history":[{"count":11,"href":"https:\/\/hoteldes12apotres.com\/index.php\/wp-json\/wp\/v2\/pages\/13\/revisions"}],"predecessor-version":[{"id":962,"href":"https:\/\/hoteldes12apotres.com\/index.php\/wp-json\/wp\/v2\/pages\/13\/revisions\/962"}],"wp:attachment":[{"href":"https:\/\/hoteldes12apotres.com\/index.php\/wp-json\/wp\/v2\/media?parent=13"}],"curies":[{"name":"wp","href":"https:\/\/api.w.org\/{rel}","templated":true}]}}