{"id":886,"date":"2025-06-23T15:41:45","date_gmt":"2025-06-23T13:41:45","guid":{"rendered":"https:\/\/hoteldes12apotres.com\/?page_id=886"},"modified":"2025-09-17T11:40:16","modified_gmt":"2025-09-17T09:40:16","slug":"reservez-votre-sejour","status":"publish","type":"page","link":"https:\/\/hoteldes12apotres.com\/index.php\/reservez-votre-sejour\/","title":{"rendered":"R\u00e9servez votre s\u00e9jour"},"content":{"rendered":"\t\t<div data-elementor-type=\"wp-page\" data-elementor-id=\"886\" class=\"elementor elementor-886\" data-elementor-settings=\"{&quot;element_pack_global_tooltip_width&quot;:{&quot;unit&quot;:&quot;px&quot;,&quot;size&quot;:&quot;&quot;,&quot;sizes&quot;:[]},&quot;element_pack_global_tooltip_width_tablet&quot;:{&quot;unit&quot;:&quot;px&quot;,&quot;size&quot;:&quot;&quot;,&quot;sizes&quot;:[]},&quot;element_pack_global_tooltip_width_mobile&quot;:{&quot;unit&quot;:&quot;px&quot;,&quot;size&quot;:&quot;&quot;,&quot;sizes&quot;:[]},&quot;element_pack_global_tooltip_padding&quot;:{&quot;unit&quot;:&quot;px&quot;,&quot;top&quot;:&quot;&quot;,&quot;right&quot;:&quot;&quot;,&quot;bottom&quot;:&quot;&quot;,&quot;left&quot;:&quot;&quot;,&quot;isLinked&quot;:true},&quot;element_pack_global_tooltip_padding_tablet&quot;:{&quot;unit&quot;:&quot;px&quot;,&quot;top&quot;:&quot;&quot;,&quot;right&quot;:&quot;&quot;,&quot;bottom&quot;:&quot;&quot;,&quot;left&quot;:&quot;&quot;,&quot;isLinked&quot;:true},&quot;element_pack_global_tooltip_padding_mobile&quot;:{&quot;unit&quot;:&quot;px&quot;,&quot;top&quot;:&quot;&quot;,&quot;right&quot;:&quot;&quot;,&quot;bottom&quot;:&quot;&quot;,&quot;left&quot;:&quot;&quot;,&quot;isLinked&quot;:true},&quot;element_pack_global_tooltip_border_radius&quot;:{&quot;unit&quot;:&quot;px&quot;,&quot;top&quot;:&quot;&quot;,&quot;right&quot;:&quot;&quot;,&quot;bottom&quot;:&quot;&quot;,&quot;left&quot;:&quot;&quot;,&quot;isLinked&quot;:true},&quot;element_pack_global_tooltip_border_radius_tablet&quot;:{&quot;unit&quot;:&quot;px&quot;,&quot;top&quot;:&quot;&quot;,&quot;right&quot;:&quot;&quot;,&quot;bottom&quot;:&quot;&quot;,&quot;left&quot;:&quot;&quot;,&quot;isLinked&quot;:true},&quot;element_pack_global_tooltip_border_radius_mobile&quot;:{&quot;unit&quot;:&quot;px&quot;,&quot;top&quot;:&quot;&quot;,&quot;right&quot;:&quot;&quot;,&quot;bottom&quot;:&quot;&quot;,&quot;left&quot;:&quot;&quot;,&quot;isLinked&quot;:true}}\" data-elementor-post-type=\"page\">\n\t\t\t\t<div class=\"elementor-element elementor-element-0e3845c e-con-full e-flex e-con e-parent\" data-id=\"0e3845c\" data-element_type=\"container\" data-settings=\"{&quot;background_background&quot;:&quot;classic&quot;}\">\n\t\t<div class=\"elementor-element elementor-element-70b1433 e-con-full e-flex e-con e-child\" data-id=\"70b1433\" data-element_type=\"container\">\n\t\t\t\t<div class=\"elementor-element elementor-element-7b01d70 elementor-widget elementor-widget-heading\" data-id=\"7b01d70\" data-element_type=\"widget\" data-widget_type=\"heading.default\">\n\t\t\t\t<div class=\"elementor-widget-container\">\n\t\t\t\t\t<h1 class=\"elementor-heading-title elementor-size-default\"><span class=\"hotel6-heading-decorative\">Votre s\u00e9jour commence ici<\/span><\/h1>\t\t\t\t<\/div>\n\t\t\t\t<\/div>\n\t\t\t\t<div class=\"elementor-element elementor-element-75096d4 elementor-widget elementor-widget-heading\" data-id=\"75096d4\" data-element_type=\"widget\" data-widget_type=\"heading.default\">\n\t\t\t\t<div class=\"elementor-widget-container\">\n\t\t\t\t\t<h6 class=\"elementor-heading-title elementor-size-default\">R\u00e9servez en toute simplicit\u00e9 votre parenth\u00e8se bien-\u00eatre. Offrez-vous un moment de calme, entre confort, thermes et nature vosgienne.<\/h6>\t\t\t\t<\/div>\n\t\t\t\t<\/div>\n\t\t\t\t<\/div>\n\t\t<div class=\"elementor-element elementor-element-7bf9d94 e-con-full e-flex e-con e-child\" data-id=\"7bf9d94\" data-element_type=\"container\">\n\t\t\t\t<div class=\"elementor-element elementor-element-63cc906 elementor-view-stacked elementor-shape-circle elementor-widget elementor-widget-icon\" data-id=\"63cc906\" data-element_type=\"widget\" data-widget_type=\"icon.default\">\n\t\t\t\t<div class=\"elementor-widget-container\">\n\t\t\t\t\t\t\t<div class=\"elementor-icon-wrapper\">\n\t\t\t<a class=\"elementor-icon\" href=\"#categories\">\n\t\t\t<svg aria-hidden=\"true\" class=\"e-font-icon-svg e-fas-arrow-down\" viewBox=\"0 0 448 512\" xmlns=\"http:\/\/www.w3.org\/2000\/svg\"><path d=\"M413.1 222.5l22.2 22.2c9.4 9.4 9.4 24.6 0 33.9L241 473c-9.4 9.4-24.6 9.4-33.9 0L12.7 278.6c-9.4-9.4-9.4-24.6 0-33.9l22.2-22.2c9.5-9.5 25-9.3 34.3.4L184 343.4V56c0-13.3 10.7-24 24-24h32c13.3 0 24 10.7 24 24v287.4l114.8-120.5c9.3-9.8 24.8-10 34.3-.4z\"><\/path><\/svg>\t\t\t<\/a>\n\t\t<\/div>\n\t\t\t\t\t\t<\/div>\n\t\t\t\t<\/div>\n\t\t\t\t<\/div>\n\t\t\t\t<\/div>\n\t\t<div class=\"elementor-element elementor-element-33d7adc e-con-full e-flex e-con e-parent\" data-id=\"33d7adc\" data-element_type=\"container\" id=\"categories\">\n\t\t\t\t<div class=\"elementor-element elementor-element-ded01b2 elementor-widget elementor-widget-text-editor\" data-id=\"ded01b2\" data-element_type=\"widget\" data-widget_type=\"text-editor.default\">\n\t\t\t\t<div class=\"elementor-widget-container\">\n\t\t\t\t\t\t\t\t\t<p data-start=\"193\" data-end=\"474\">Gr\u00e2ce \u00e0 notre module de r\u00e9servation en ligne, vous pouvez d\u00e8s maintenant choisir vos dates et votre chambre en toute simplicit\u00e9.<br data-start=\"321\" data-end=\"324\" \/><strong data-start=\"324\" data-end=\"358\">Aucun paiement en ligne requis<\/strong> : le r\u00e8glement se fait directement \u00e0 l\u2019h\u00f4tel, \u00e0 votre arriv\u00e9e.<br data-start=\"421\" data-end=\"424\" \/>Une r\u00e9servation rapide, s\u00e9curis\u00e9e, et sans avance.<\/p>\t\t\t\t\t\t\t\t<\/div>\n\t\t\t\t<\/div>\n\t\t\t\t<div class=\"elementor-element elementor-element-ef1b8ea elementor-widget elementor-widget-html\" data-id=\"ef1b8ea\" data-element_type=\"widget\" data-widget_type=\"html.default\">\n\t\t\t\t<div class=\"elementor-widget-container\">\n\t\t\t\t\t<iframe \n  src=\"https:\/\/www.secure-direct-hotel-booking.com\/module_booking_engine\/index.php?id_etab=9fe446ca5eef2a946de3ff509b1924b2&langue=francais\" \n  width=\"100%\" \n  height=\"800\" \n  style=\"border: none;\" \n  loading=\"lazy\"\n  sandbox=\"allow-scripts allow-same-origin allow-forms\"\n  referrerpolicy=\"no-referrer\">\n<\/iframe>\n\t\t\t\t<\/div>\n\t\t\t\t<\/div>\n\t\t\t\t<\/div>\n\t\t<div class=\"elementor-element elementor-element-b604b59 e-flex e-con-boxed e-con e-parent\" data-id=\"b604b59\" data-element_type=\"container\" data-settings=\"{&quot;background_background&quot;:&quot;classic&quot;}\">\n\t\t\t\t\t<div class=\"e-con-inner\">\n\t\t<div class=\"elementor-element elementor-element-9bc4911 e-con-full e-flex e-con e-child\" data-id=\"9bc4911\" data-element_type=\"container\">\n\t\t\t\t<div class=\"elementor-element elementor-element-be83eab elementor-widget elementor-widget-heading\" data-id=\"be83eab\" data-element_type=\"widget\" data-widget_type=\"heading.default\">\n\t\t\t\t<div class=\"elementor-widget-container\">\n\t\t\t\t\t<h2 class=\"elementor-heading-title elementor-size-default\"><span class=\"hotel6-heading-decorative\">Nos partenaires de r\u00e9servation<\/span><\/h2>\t\t\t\t<\/div>\n\t\t\t\t<\/div>\n\t\t\t\t<div class=\"elementor-element elementor-element-4f2507d elementor-widget elementor-widget-text-editor\" data-id=\"4f2507d\" data-element_type=\"widget\" data-widget_type=\"text-editor.default\">\n\t\t\t\t<div class=\"elementor-widget-container\">\n\t\t\t\t\t\t\t\t\t<p>Si vous le pr\u00e9f\u00e9rez, vous pouvez \u00e9galement r\u00e9server votre s\u00e9jour via nos partenaires de confiance : <strong data-start=\"332\" data-end=\"347\">Booking.com<\/strong>, <strong data-start=\"349\" data-end=\"360\">Expedia<\/strong> ou <strong data-start=\"364\" data-end=\"378\">H\u00f4tels.com<\/strong>.<br data-start=\"379\" data-end=\"382\" \/>Les m\u00eames chambres, la m\u00eame qualit\u00e9 de service \u2014 choisissez la plateforme qui vous convient le mieux.<\/p>\t\t\t\t\t\t\t\t<\/div>\n\t\t\t\t<\/div>\n\t\t<div class=\"elementor-element elementor-element-871cdfa e-con-full e-flex e-con e-child\" data-id=\"871cdfa\" data-element_type=\"container\">\n\t\t<div data-ep-wrapper-link=\"{&quot;url&quot;:&quot;https:\\\/\\\/www.booking.com\\\/hotel\\\/fr\\\/des-12-apotres-et-de-la-cle-des-champs.fr.html&quot;,&quot;is_external&quot;:&quot;&quot;,&quot;nofollow&quot;:&quot;&quot;,&quot;custom_attributes&quot;:&quot;&quot;}\" style=\"cursor: pointer\" class=\"bdt-element-link elementor-element elementor-element-4a34a58 e-con-full e-flex e-con e-child\" data-id=\"4a34a58\" data-element_type=\"container\" data-settings=\"{&quot;background_background&quot;:&quot;classic&quot;}\">\n\t\t\t\t<div data-ep-wrapper-link=\"{&quot;url&quot;:&quot;https:\\\/\\\/www.booking.com\\\/hotel\\\/fr\\\/des-12-apotres-et-de-la-cle-des-champs.fr.html&quot;,&quot;is_external&quot;:&quot;&quot;,&quot;nofollow&quot;:&quot;&quot;,&quot;custom_attributes&quot;:&quot;&quot;}\" style=\"cursor: pointer\" class=\"bdt-element-link elementor-element elementor-element-aff7121 elementor-widget elementor-widget-image\" data-id=\"aff7121\" data-element_type=\"widget\" data-widget_type=\"image.default\">\n\t\t\t\t<div class=\"elementor-widget-container\">\n\t\t\t\t\t\t\t\t\t\t\t\t\t\t\t<img fetchpriority=\"high\" decoding=\"async\" width=\"1200\" height=\"675\" src=\"https:\/\/hoteldes12apotres.com\/wp-content\/uploads\/2025\/06\/Booking.com-Logo-1-1200x675.png\" class=\"attachment-large size-large wp-image-899\" alt=\"\" srcset=\"https:\/\/hoteldes12apotres.com\/wp-content\/uploads\/2025\/06\/Booking.com-Logo-1-1200x675.png 1200w, https:\/\/hoteldes12apotres.com\/wp-content\/uploads\/2025\/06\/Booking.com-Logo-1-500x281.png 500w, https:\/\/hoteldes12apotres.com\/wp-content\/uploads\/2025\/06\/Booking.com-Logo-1-300x169.png 300w, https:\/\/hoteldes12apotres.com\/wp-content\/uploads\/2025\/06\/Booking.com-Logo-1-768x432.png 768w, https:\/\/hoteldes12apotres.com\/wp-content\/uploads\/2025\/06\/Booking.com-Logo-1-1536x864.png 1536w, https:\/\/hoteldes12apotres.com\/wp-content\/uploads\/2025\/06\/Booking.com-Logo-1-2048x1152.png 2048w, https:\/\/hoteldes12apotres.com\/wp-content\/uploads\/2025\/06\/Booking.com-Logo-1-133x75.png 133w, https:\/\/hoteldes12apotres.com\/wp-content\/uploads\/2025\/06\/Booking.com-Logo-1-480x270.png 480w\" sizes=\"(max-width:767px) 480px, (max-width:1200px) 100vw, 1200px\" \/>\t\t\t\t\t\t\t\t\t\t\t\t\t\t\t<\/div>\n\t\t\t\t<\/div>\n\t\t\t\t<\/div>\n\t\t<div data-ep-wrapper-link=\"{&quot;url&quot;:&quot;https:\\\/\\\/www.expedia.fr\\\/Contrexeville-Hotel-Hotel-Des-XII-Apotres.h116831801.Description-Hotel&quot;,&quot;is_external&quot;:&quot;&quot;,&quot;nofollow&quot;:&quot;&quot;,&quot;custom_attributes&quot;:&quot;&quot;}\" style=\"cursor: pointer\" class=\"bdt-element-link elementor-element elementor-element-9b9e806 e-con-full e-flex e-con e-child\" data-id=\"9b9e806\" data-element_type=\"container\" data-settings=\"{&quot;background_background&quot;:&quot;classic&quot;}\">\n\t\t\t\t<div data-ep-wrapper-link=\"{&quot;url&quot;:&quot;https:\\\/\\\/www.expedia.com\\\/Contrexeville-Hotels-Hotel-Des-XII-Apotres.h116831801.Hotel-Information&quot;,&quot;is_external&quot;:&quot;&quot;,&quot;nofollow&quot;:&quot;&quot;,&quot;custom_attributes&quot;:&quot;&quot;}\" style=\"cursor: pointer\" class=\"bdt-element-link elementor-element elementor-element-66198c3 elementor-widget elementor-widget-image\" data-id=\"66198c3\" data-element_type=\"widget\" data-widget_type=\"image.default\">\n\t\t\t\t<div class=\"elementor-widget-container\">\n\t\t\t\t\t\t\t\t\t\t\t\t\t\t\t<img decoding=\"async\" width=\"1200\" height=\"675\" src=\"https:\/\/hoteldes12apotres.com\/wp-content\/uploads\/2025\/06\/expe-1200x675.png\" class=\"attachment-large size-large wp-image-901\" alt=\"\" srcset=\"https:\/\/hoteldes12apotres.com\/wp-content\/uploads\/2025\/06\/expe-1200x675.png 1200w, https:\/\/hoteldes12apotres.com\/wp-content\/uploads\/2025\/06\/expe-500x281.png 500w, https:\/\/hoteldes12apotres.com\/wp-content\/uploads\/2025\/06\/expe-300x169.png 300w, https:\/\/hoteldes12apotres.com\/wp-content\/uploads\/2025\/06\/expe-768x432.png 768w, https:\/\/hoteldes12apotres.com\/wp-content\/uploads\/2025\/06\/expe-1536x864.png 1536w, https:\/\/hoteldes12apotres.com\/wp-content\/uploads\/2025\/06\/expe-2048x1152.png 2048w, https:\/\/hoteldes12apotres.com\/wp-content\/uploads\/2025\/06\/expe-133x75.png 133w, https:\/\/hoteldes12apotres.com\/wp-content\/uploads\/2025\/06\/expe-480x270.png 480w\" sizes=\"(max-width:767px) 480px, (max-width:1200px) 100vw, 1200px\" \/>\t\t\t\t\t\t\t\t\t\t\t\t\t\t\t<\/div>\n\t\t\t\t<\/div>\n\t\t\t\t<\/div>\n\t\t<div data-ep-wrapper-link=\"{&quot;url&quot;:&quot;https:\\\/\\\/fr.hotels.com\\\/ho3739617632\\\/hotel-des-xii-apotres\\\/&quot;,&quot;is_external&quot;:&quot;&quot;,&quot;nofollow&quot;:&quot;&quot;,&quot;custom_attributes&quot;:&quot;&quot;}\" style=\"cursor: pointer\" class=\"bdt-element-link elementor-element elementor-element-9f7322d e-con-full e-flex e-con e-child\" data-id=\"9f7322d\" data-element_type=\"container\" data-settings=\"{&quot;background_background&quot;:&quot;classic&quot;}\">\n\t\t\t\t<div data-ep-wrapper-link=\"{&quot;url&quot;:&quot;https:\\\/\\\/fr.hotels.com\\\/ho3739617632\\\/hotel-des-xii-apotres\\\/&quot;,&quot;is_external&quot;:&quot;&quot;,&quot;nofollow&quot;:&quot;&quot;,&quot;custom_attributes&quot;:&quot;&quot;}\" style=\"cursor: pointer\" class=\"bdt-element-link elementor-element elementor-element-06908f9 elementor-widget elementor-widget-image\" data-id=\"06908f9\" data-element_type=\"widget\" data-widget_type=\"image.default\">\n\t\t\t\t<div class=\"elementor-widget-container\">\n\t\t\t\t\t\t\t\t\t\t\t\t\t\t\t<img decoding=\"async\" width=\"1200\" height=\"675\" src=\"https:\/\/hoteldes12apotres.com\/wp-content\/uploads\/2025\/06\/hcom-1200x675.png\" class=\"attachment-large size-large wp-image-900\" alt=\"\" srcset=\"https:\/\/hoteldes12apotres.com\/wp-content\/uploads\/2025\/06\/hcom-1200x675.png 1200w, https:\/\/hoteldes12apotres.com\/wp-content\/uploads\/2025\/06\/hcom-500x281.png 500w, https:\/\/hoteldes12apotres.com\/wp-content\/uploads\/2025\/06\/hcom-300x169.png 300w, https:\/\/hoteldes12apotres.com\/wp-content\/uploads\/2025\/06\/hcom-768x432.png 768w, https:\/\/hoteldes12apotres.com\/wp-content\/uploads\/2025\/06\/hcom-1536x864.png 1536w, https:\/\/hoteldes12apotres.com\/wp-content\/uploads\/2025\/06\/hcom-2048x1152.png 2048w, https:\/\/hoteldes12apotres.com\/wp-content\/uploads\/2025\/06\/hcom-133x75.png 133w, https:\/\/hoteldes12apotres.com\/wp-content\/uploads\/2025\/06\/hcom-480x270.png 480w\" sizes=\"(max-width:767px) 480px, (max-width:1200px) 100vw, 1200px\" \/>\t\t\t\t\t\t\t\t\t\t\t\t\t\t\t<\/div>\n\t\t\t\t<\/div>\n\t\t\t\t<\/div>\n\t\t\t\t<\/div>\n\t\t\t\t<\/div>\n\t\t\t\t\t<\/div>\n\t\t\t\t<\/div>\n\t\t\t\t<\/div>\n\t\t","protected":false},"excerpt":{"rendered":"<p>Votre s\u00e9jour commence ici R\u00e9servez en toute simplicit\u00e9 votre parenth\u00e8se bien-\u00eatre. Offrez-vous un moment de calme, entre confort, thermes et nature vosgienne. Gr\u00e2ce \u00e0 notre module<span class=\"excerpt-hellip\"> [\u2026]<\/span><\/p>\n","protected":false},"author":1,"featured_media":0,"parent":0,"menu_order":0,"comment_status":"open","ping_status":"closed","template":"","meta":{"footnotes":""},"class_list":["post-886","page","type-page","status-publish","hentry"],"yoast_head":"<!-- This site is optimized with the Yoast SEO plugin v27.2 - https:\/\/yoast.com\/product\/yoast-seo-wordpress\/ -->\n<title>R\u00e9servez votre s\u00e9jour | H\u00f4tel des XII Ap\u00f4tres Contrex\u00e9ville<\/title>\n<meta name=\"description\" content=\"Choisissez vos dates, votre chambre et r\u00e9servez sans avance. Un h\u00f4tel chaleureux et id\u00e9alement situ\u00e9 \u00e0 Contrex\u00e9ville, face aux thermes et au calme.\" \/>\n<meta name=\"robots\" content=\"index, follow, max-snippet:-1, max-image-preview:large, max-video-preview:-1\" \/>\n<link rel=\"canonical\" href=\"https:\/\/hoteldes12apotres.com\/index.php\/reservez-votre-sejour\/\" \/>\n<meta property=\"og:locale\" content=\"fr_FR\" \/>\n<meta property=\"og:type\" content=\"article\" \/>\n<meta property=\"og:title\" content=\"R\u00e9servez votre s\u00e9jour | H\u00f4tel des XII Ap\u00f4tres Contrex\u00e9ville\" \/>\n<meta property=\"og:description\" content=\"Choisissez vos dates, votre chambre et r\u00e9servez sans avance. Un h\u00f4tel chaleureux et id\u00e9alement situ\u00e9 \u00e0 Contrex\u00e9ville, face aux thermes et au calme.\" \/>\n<meta property=\"og:url\" content=\"https:\/\/hoteldes12apotres.com\/index.php\/reservez-votre-sejour\/\" \/>\n<meta property=\"og:site_name\" content=\"H\u00f4tel des XII Ap\u00f4tres\" \/>\n<meta property=\"article:modified_time\" content=\"2025-09-17T09:40:16+00:00\" \/>\n<meta property=\"og:image\" content=\"https:\/\/hoteldes12apotres.com\/wp-content\/uploads\/2025\/06\/Booking.com-Logo-1-scaled.png\" \/>\n\t<meta property=\"og:image:width\" content=\"2560\" \/>\n\t<meta property=\"og:image:height\" content=\"1440\" \/>\n\t<meta property=\"og:image:type\" content=\"image\/png\" \/>\n<meta name=\"twitter:card\" content=\"summary_large_image\" \/>\n<meta name=\"twitter:label1\" content=\"Dur\u00e9e de lecture estim\u00e9e\" \/>\n\t<meta name=\"twitter:data1\" content=\"2 minutes\" \/>\n<script type=\"application\/ld+json\" class=\"yoast-schema-graph\">{\"@context\":\"https:\/\/schema.org\",\"@graph\":[{\"@type\":\"WebPage\",\"@id\":\"https:\/\/hoteldes12apotres.com\/index.php\/reservez-votre-sejour\/\",\"url\":\"https:\/\/hoteldes12apotres.com\/index.php\/reservez-votre-sejour\/\",\"name\":\"R\u00e9servez votre s\u00e9jour | H\u00f4tel des XII Ap\u00f4tres Contrex\u00e9ville\",\"isPartOf\":{\"@id\":\"https:\/\/hoteldes12apotres.com\/#website\"},\"primaryImageOfPage\":{\"@id\":\"https:\/\/hoteldes12apotres.com\/index.php\/reservez-votre-sejour\/#primaryimage\"},\"image\":{\"@id\":\"https:\/\/hoteldes12apotres.com\/index.php\/reservez-votre-sejour\/#primaryimage\"},\"thumbnailUrl\":\"https:\/\/hoteldes12apotres.com\/wp-content\/uploads\/2025\/06\/Booking.com-Logo-1-1200x675.png\",\"datePublished\":\"2025-06-23T13:41:45+00:00\",\"dateModified\":\"2025-09-17T09:40:16+00:00\",\"description\":\"Choisissez vos dates, votre chambre et r\u00e9servez sans avance. Un h\u00f4tel chaleureux et id\u00e9alement situ\u00e9 \u00e0 Contrex\u00e9ville, face aux thermes et au calme.\",\"breadcrumb\":{\"@id\":\"https:\/\/hoteldes12apotres.com\/index.php\/reservez-votre-sejour\/#breadcrumb\"},\"inLanguage\":\"fr-FR\",\"potentialAction\":[{\"@type\":\"ReadAction\",\"target\":[\"https:\/\/hoteldes12apotres.com\/index.php\/reservez-votre-sejour\/\"]}]},{\"@type\":\"ImageObject\",\"inLanguage\":\"fr-FR\",\"@id\":\"https:\/\/hoteldes12apotres.com\/index.php\/reservez-votre-sejour\/#primaryimage\",\"url\":\"https:\/\/hoteldes12apotres.com\/wp-content\/uploads\/2025\/06\/Booking.com-Logo-1-scaled.png\",\"contentUrl\":\"https:\/\/hoteldes12apotres.com\/wp-content\/uploads\/2025\/06\/Booking.com-Logo-1-scaled.png\",\"width\":2560,\"height\":1440},{\"@type\":\"BreadcrumbList\",\"@id\":\"https:\/\/hoteldes12apotres.com\/index.php\/reservez-votre-sejour\/#breadcrumb\",\"itemListElement\":[{\"@type\":\"ListItem\",\"position\":1,\"name\":\"Accueil\",\"item\":\"https:\/\/hoteldes12apotres.com\/\"},{\"@type\":\"ListItem\",\"position\":2,\"name\":\"R\u00e9servez votre s\u00e9jour\"}]},{\"@type\":\"WebSite\",\"@id\":\"https:\/\/hoteldes12apotres.com\/#website\",\"url\":\"https:\/\/hoteldes12apotres.com\/\",\"name\":\"H\u00f4tel des XII Ap\u00f4tres\",\"description\":\"\",\"publisher\":{\"@id\":\"https:\/\/hoteldes12apotres.com\/#organization\"},\"potentialAction\":[{\"@type\":\"SearchAction\",\"target\":{\"@type\":\"EntryPoint\",\"urlTemplate\":\"https:\/\/hoteldes12apotres.com\/?s={search_term_string}\"},\"query-input\":{\"@type\":\"PropertyValueSpecification\",\"valueRequired\":true,\"valueName\":\"search_term_string\"}}],\"inLanguage\":\"fr-FR\"},{\"@type\":\"Organization\",\"@id\":\"https:\/\/hoteldes12apotres.com\/#organization\",\"name\":\"H\u00f4tel des XII Ap\u00f4tres\",\"url\":\"https:\/\/hoteldes12apotres.com\/\",\"logo\":{\"@type\":\"ImageObject\",\"inLanguage\":\"fr-FR\",\"@id\":\"https:\/\/hoteldes12apotres.com\/#\/schema\/logo\/image\/\",\"url\":\"https:\/\/hoteldes12apotres.com\/wp-content\/uploads\/2025\/06\/cropped-logod.png\",\"contentUrl\":\"https:\/\/hoteldes12apotres.com\/wp-content\/uploads\/2025\/06\/cropped-logod.png\",\"width\":512,\"height\":512,\"caption\":\"H\u00f4tel des XII Ap\u00f4tres\"},\"image\":{\"@id\":\"https:\/\/hoteldes12apotres.com\/#\/schema\/logo\/image\/\"}}]}<\/script>\n<!-- \/ Yoast SEO plugin. -->","yoast_head_json":{"title":"R\u00e9servez votre s\u00e9jour | H\u00f4tel des XII Ap\u00f4tres Contrex\u00e9ville","description":"Choisissez vos dates, votre chambre et r\u00e9servez sans avance. Un h\u00f4tel chaleureux et id\u00e9alement situ\u00e9 \u00e0 Contrex\u00e9ville, face aux thermes et au calme.","robots":{"index":"index","follow":"follow","max-snippet":"max-snippet:-1","max-image-preview":"max-image-preview:large","max-video-preview":"max-video-preview:-1"},"canonical":"https:\/\/hoteldes12apotres.com\/index.php\/reservez-votre-sejour\/","og_locale":"fr_FR","og_type":"article","og_title":"R\u00e9servez votre s\u00e9jour | H\u00f4tel des XII Ap\u00f4tres Contrex\u00e9ville","og_description":"Choisissez vos dates, votre chambre et r\u00e9servez sans avance. Un h\u00f4tel chaleureux et id\u00e9alement situ\u00e9 \u00e0 Contrex\u00e9ville, face aux thermes et au calme.","og_url":"https:\/\/hoteldes12apotres.com\/index.php\/reservez-votre-sejour\/","og_site_name":"H\u00f4tel des XII Ap\u00f4tres","article_modified_time":"2025-09-17T09:40:16+00:00","og_image":[{"width":2560,"height":1440,"url":"https:\/\/hoteldes12apotres.com\/wp-content\/uploads\/2025\/06\/Booking.com-Logo-1-scaled.png","type":"image\/png"}],"twitter_card":"summary_large_image","twitter_misc":{"Dur\u00e9e de lecture estim\u00e9e":"2 minutes"},"schema":{"@context":"https:\/\/schema.org","@graph":[{"@type":"WebPage","@id":"https:\/\/hoteldes12apotres.com\/index.php\/reservez-votre-sejour\/","url":"https:\/\/hoteldes12apotres.com\/index.php\/reservez-votre-sejour\/","name":"R\u00e9servez votre s\u00e9jour | H\u00f4tel des XII Ap\u00f4tres Contrex\u00e9ville","isPartOf":{"@id":"https:\/\/hoteldes12apotres.com\/#website"},"primaryImageOfPage":{"@id":"https:\/\/hoteldes12apotres.com\/index.php\/reservez-votre-sejour\/#primaryimage"},"image":{"@id":"https:\/\/hoteldes12apotres.com\/index.php\/reservez-votre-sejour\/#primaryimage"},"thumbnailUrl":"https:\/\/hoteldes12apotres.com\/wp-content\/uploads\/2025\/06\/Booking.com-Logo-1-1200x675.png","datePublished":"2025-06-23T13:41:45+00:00","dateModified":"2025-09-17T09:40:16+00:00","description":"Choisissez vos dates, votre chambre et r\u00e9servez sans avance. Un h\u00f4tel chaleureux et id\u00e9alement situ\u00e9 \u00e0 Contrex\u00e9ville, face aux thermes et au calme.","breadcrumb":{"@id":"https:\/\/hoteldes12apotres.com\/index.php\/reservez-votre-sejour\/#breadcrumb"},"inLanguage":"fr-FR","potentialAction":[{"@type":"ReadAction","target":["https:\/\/hoteldes12apotres.com\/index.php\/reservez-votre-sejour\/"]}]},{"@type":"ImageObject","inLanguage":"fr-FR","@id":"https:\/\/hoteldes12apotres.com\/index.php\/reservez-votre-sejour\/#primaryimage","url":"https:\/\/hoteldes12apotres.com\/wp-content\/uploads\/2025\/06\/Booking.com-Logo-1-scaled.png","contentUrl":"https:\/\/hoteldes12apotres.com\/wp-content\/uploads\/2025\/06\/Booking.com-Logo-1-scaled.png","width":2560,"height":1440},{"@type":"BreadcrumbList","@id":"https:\/\/hoteldes12apotres.com\/index.php\/reservez-votre-sejour\/#breadcrumb","itemListElement":[{"@type":"ListItem","position":1,"name":"Accueil","item":"https:\/\/hoteldes12apotres.com\/"},{"@type":"ListItem","position":2,"name":"R\u00e9servez votre s\u00e9jour"}]},{"@type":"WebSite","@id":"https:\/\/hoteldes12apotres.com\/#website","url":"https:\/\/hoteldes12apotres.com\/","name":"H\u00f4tel des XII Ap\u00f4tres","description":"","publisher":{"@id":"https:\/\/hoteldes12apotres.com\/#organization"},"potentialAction":[{"@type":"SearchAction","target":{"@type":"EntryPoint","urlTemplate":"https:\/\/hoteldes12apotres.com\/?s={search_term_string}"},"query-input":{"@type":"PropertyValueSpecification","valueRequired":true,"valueName":"search_term_string"}}],"inLanguage":"fr-FR"},{"@type":"Organization","@id":"https:\/\/hoteldes12apotres.com\/#organization","name":"H\u00f4tel des XII Ap\u00f4tres","url":"https:\/\/hoteldes12apotres.com\/","logo":{"@type":"ImageObject","inLanguage":"fr-FR","@id":"https:\/\/hoteldes12apotres.com\/#\/schema\/logo\/image\/","url":"https:\/\/hoteldes12apotres.com\/wp-content\/uploads\/2025\/06\/cropped-logod.png","contentUrl":"https:\/\/hoteldes12apotres.com\/wp-content\/uploads\/2025\/06\/cropped-logod.png","width":512,"height":512,"caption":"H\u00f4tel des XII Ap\u00f4tres"},"image":{"@id":"https:\/\/hoteldes12apotres.com\/#\/schema\/logo\/image\/"}}]}},"jetpack_sharing_enabled":true,"_links":{"self":[{"href":"https:\/\/hoteldes12apotres.com\/index.php\/wp-json\/wp\/v2\/pages\/886","targetHints":{"allow":["GET"]}}],"collection":[{"href":"https:\/\/hoteldes12apotres.com\/index.php\/wp-json\/wp\/v2\/pages"}],"about":[{"href":"https:\/\/hoteldes12apotres.com\/index.php\/wp-json\/wp\/v2\/types\/page"}],"author":[{"embeddable":true,"href":"https:\/\/hoteldes12apotres.com\/index.php\/wp-json\/wp\/v2\/users\/1"}],"replies":[{"embeddable":true,"href":"https:\/\/hoteldes12apotres.com\/index.php\/wp-json\/wp\/v2\/comments?post=886"}],"version-history":[{"count":27,"href":"https:\/\/hoteldes12apotres.com\/index.php\/wp-json\/wp\/v2\/pages\/886\/revisions"}],"predecessor-version":[{"id":986,"href":"https:\/\/hoteldes12apotres.com\/index.php\/wp-json\/wp\/v2\/pages\/886\/revisions\/986"}],"wp:attachment":[{"href":"https:\/\/hoteldes12apotres.com\/index.php\/wp-json\/wp\/v2\/media?parent=886"}],"curies":[{"name":"wp","href":"https:\/\/api.w.org\/{rel}","templated":true}]}}